{"id":12646,"date":"2023-04-19T11:37:34","date_gmt":"2023-04-19T11:37:34","guid":{"rendered":"https:\/\/next.seasonax.com\/?page_id=12646"},"modified":"2026-04-14T11:42:02","modified_gmt":"2026-04-14T09:42:02","slug":"ig-europe","status":"publish","type":"page","link":"https:\/\/www.seasonax.com\/de\/ig-europe\/","title":{"rendered":"IG Europe"},"content":{"rendered":"\n<div class=\"wp-block-greenshift-blocks-row alignfull gspb_row gspb_row-id-gsbp-381d047\" id=\"gspb_row-id-gsbp-381d047\"><div class=\"gspb_row__content\"> \n<div class=\"wp-block-greenshift-blocks-row-column gspb_row__col--12 gspb_col-id-gsbp-fde1f7d\" id=\"gspb_col-id-gsbp-fde1f7d\">\n<div class=\"wp-block-getwid-advanced-spacer\" style=\"height:100px\" aria-hidden=\"true\"><\/div>\n<\/div>\n <\/div><\/div>\n\n\n\n<div class=\"wp-block-greenshift-blocks-row gspb_row gspb_row-id-gsbp-38e02e0\" id=\"gspb_row-id-gsbp-38e02e0\"><div class=\"gspb_row__content\"> \n<div class=\"wp-block-greenshift-blocks-row-column gspb_row__col--4 gspb_col-id-gsbp-935634e\" id=\"gspb_col-id-gsbp-935634e\">\n<div class=\"wp-block-greenshift-blocks-image gspb_image gspb_image-id-gsbp-d6aa29b\" id=\"gspb_image-id-gsbp-d6aa29b\"><img decoding=\"async\" src=\"https:\/\/www.seasonax.com\/wp-content\/uploads\/2023\/04\/IG-icon-300x300.jpg\" data-src=\"\" alt=\"\" loading=\"lazy\" width=\"\" height=\"\"\/><\/div>\n<\/div>\n\n\n\n<div class=\"wp-block-greenshift-blocks-row-column gspb_row__col--4 gspb_col-id-gsbp-f1570a1\" id=\"gspb_col-id-gsbp-f1570a1\">\n<h2 id=\"gspb_heading-id-gsbp-acd67c1\" class=\"gspb_heading gspb_heading-id-gsbp-acd67c1 \"><span style=\"color: var(--theme-palette-color-4, #0D141C);\" class=\"stk-highlight\">IG Europe<\/span><\/h2>\n<\/div>\n\n\n\n<div class=\"wp-block-greenshift-blocks-row-column gspb_row__col--4 gspb_col-id-gsbp-bc7593f\" id=\"gspb_col-id-gsbp-bc7593f\">\n<div class=\"gspb_button_wrapper gspb_button-id-gsbp-242d0d3\" id=\"gspb_button-id-gsbp-242d0d3\"><a class=\"wp-block-greenshift-blocks-buttonbox gspb-buttonbox wp-element-button\" rel=\"noopener\"><span class=\"gspb-buttonbox-textwrap\"><span class=\"gspb-buttonbox-text\"><span class=\"gspb-buttonbox-title\">Open account<\/span><\/span><\/span><\/a><\/div>\n\n\n\n<div class=\"gspb_button_wrapper gspb_button-id-gsbp-acb4a9c\" id=\"gspb_button-id-gsbp-acb4a9c\"><a class=\"wp-block-greenshift-blocks-buttonbox gspb-buttonbox wp-element-button\" rel=\"noopener\"><span class=\"gspb-buttonbox-textwrap\"><span class=\"gspb-buttonbox-text\"><span class=\"gspb-buttonbox-title\">Visit broker<\/span><\/span><\/span><\/a><\/div>\n<\/div>\n <\/div><\/div>\n\n\n\n<div class=\"wp-block-greenshift-blocks-row gspb_row gspb_row-id-gsbp-e8bdd1e\" id=\"gspb_row-id-gsbp-e8bdd1e\"><div class=\"gspb_row__content\"> \n<div class=\"wp-block-greenshift-blocks-row-column gspb_row__col--12 gspb_col-id-gsbp-14b206c\" id=\"gspb_col-id-gsbp-14b206c\">\n<h2 id=\"gspb_heading-id-gsbp-9dbeca1\" class=\"gspb_heading gspb_heading-id-gsbp-9dbeca1 \"><span style=\"color: #000000;\" class=\"stk-highlight\">Info<\/span><\/h2>\n<\/div>\n\n\n\n<div class=\"wp-block-greenshift-blocks-row-column gspb_row__col--12 gspb_col-id-gsbp-842d0fa\" id=\"gspb_col-id-gsbp-842d0fa\">\n<div class=\"wp-block-greenshift-blocks-row gspb_row gspb_row-id-gsbp-56f914a\" id=\"gspb_row-id-gsbp-56f914a\"><div class=\"gspb_row__content\"> \n<div class=\"wp-block-greenshift-blocks-row-column gspb_row__col--4 gspb_col-id-gsbp-46ea378\" id=\"gspb_col-id-gsbp-46ea378\">\n<div id=\"gspb_text-id-gsbp-deeeb38\" class=\"gspb_text gspb_text-id-gsbp-deeeb38 \"><strong>Tradable assets<\/strong><br><br>CFDs<br>Barriers<br>Vanilla Options<br><br><strong>Terms<\/strong><br>30:1 max leverage<br>$0 min deposit<br><br><strong>Fees<\/strong><br>Spreads ab 1 Punkt auf den Deutschland 40 und FTSE 100, sowie ab 2,8 Punkten auf das US-Roh\u00f6l<br><br><strong>Regulation<\/strong><br>FCA \u2022 BaFIN \u2022 CySEC \u2022\u00a0ASIC<\/div>\n<\/div>\n\n\n\n<div class=\"wp-block-greenshift-blocks-row-column gspb_row__col--4 gspb_col-id-gsbp-0ac1656\" id=\"gspb_col-id-gsbp-0ac1656\">\n<div id=\"gspb_text-id-gsbp-33d4af3\" class=\"gspb_text gspb_text-id-gsbp-33d4af3 \"><strong>About<\/strong><br><br>IG ist bereits seit \u00fcber 45 Jahren am Markt und bietet seinen rund 178.000 Kunden \u00fcber 17.000 handelbare Basiswerte. Neben CFDs bietet IG zahlreiche weitere Trading-Instrumente an. Dazu z\u00e4hlt auch der Handel mit Turbozertifikaten. Die Produktklasse Turbo24 wird durch die angek\u00fcndigte Begrenzung der steuerlichen Verlustverrechnung nicht beeintr\u00e4chtigt und ist wochentags rund um die Uhr f\u00fcr 24 Stunden handelbar.<\/div>\n<\/div>\n\n\n\n<div class=\"wp-block-greenshift-blocks-row-column gspb_row__col--4 gspb_col-id-gsbp-1a01959\" id=\"gspb_col-id-gsbp-1a01959\">\n<div id=\"gspb_text-id-gsbp-022cc35\" class=\"gspb_text gspb_text-id-gsbp-022cc35 \"><strong>Contacts<\/strong><br><br>IG Europe GmbH<br>@IGDeutschland<br>+43 800 202 512<br>Westhafen Tower, Westhafenplatz<br>60327 Frankfurt am Main<br>Deutschland<\/div>\n<\/div>\n <\/div><\/div>\n<\/div>\n <\/div><\/div>\n\n\n\n<div class=\"wp-block-greenshift-blocks-row gspb_row gspb_row-id-gsbp-1d72265\" id=\"gspb_row-id-gsbp-1d72265\"><div class=\"gspb_row__content\"> \n<div class=\"wp-block-greenshift-blocks-row-column gspb_row__col--12 gspb_col-id-gsbp-c9bb988\" id=\"gspb_col-id-gsbp-c9bb988\">\n<div id=\"gspb_text-id-gsbp-1f439d1\" class=\"gspb_text gspb_text-id-gsbp-1f439d1 \"><strong>Hinweis:<\/strong>\u00a0CFDs sind komplexe Instrumente und gehen wegen der Hebelwirkung mit dem hohen Risiko einher, schnell Geld zu verlieren. 79 % der Kleinanlegerkonten verlieren Geld beim CFD-Handel mit diesem Anbieter. Sie sollten \u00fcberlegen, ob Sie verstehen, wie CFDs funktionieren, und ob Sie es sich leisten k\u00f6nnen, das hohe Risiko einzugehen, Ihr Geld zu verlieren. Optionen und Turbozertifikate sind komplexe Finanzinstrumente und gehen mit dem hohen Risiko einher, schnell Geld zu verlieren.<\/div>\n<\/div>\n <\/div><\/div>\n\n\n\n<p><\/p>\n","protected":false},"excerpt":{"rendered":"","protected":false},"author":1,"featured_media":12650,"parent":0,"menu_order":0,"comment_status":"closed","ping_status":"closed","template":"","meta":{"_eb_attr":"","_gspb_post_css":"#gspb_row-id-gsbp-381d047{background-image:var(--gs-gradientgradient4, linear-gradient(265deg,rgb(24,84,98) 0%,rgb(13,20,28) 100%))}#gspb_row-id-gsbp-381d047>.gspb_row__content{display:flex;justify-content:space-between;margin:0 auto;width:100%;flex-wrap:wrap}div[id^=gspb_col-id]{box-sizing:border-box;position:relative;padding:var(--gs-row-column-padding, 15px min(3vw, 20px))}body.gspb-bodyfront #gspb_row-id-gsbp-381d047>.gspb_row__content{width:var(--theme-container-width, 1200px);max-width:var(--theme-normal-container-max-width, 1200px)}#gspb_col-id-gsbp-fde1f7d.gspb_row__col--12{width:100%}@media (max-width:575.98px){#gspb_col-id-gsbp-fde1f7d.gspb_row__col--12{width:100%}}#gspb_row-id-gsbp-381d047,#gspb_row-id-gsbp-38e02e0{justify-content:space-between;margin-top:0;margin-bottom:0;display:flex;flex-wrap:wrap}#gspb_row-id-gsbp-38e02e0>.gspb_row__content{display:flex;justify-content:space-between;margin:0 auto;width:100%;flex-wrap:wrap}#gspb_col-id-gsbp-935634e.gspb_row__col--4{width:33.333333333333336%}@media (max-width:575.98px){#gspb_col-id-gsbp-935634e.gspb_row__col--4{width:100%}}#gspb_image-id-gsbp-d6aa29b img{vertical-align:top;display:inline-block;box-sizing:border-box;max-width:100%;height:auto;border-top-left-radius:15px;border-top-right-radius:15px;border-bottom-right-radius:15px;border-bottom-left-radius:15px}#gspb_col-id-gsbp-f1570a1.gspb_row__col--4{width:33.333333333333336%}@media (max-width:575.98px){#gspb_col-id-gsbp-f1570a1.gspb_row__col--4{width:100%}}#gspb_heading-id-gsbp-acd67c1,#gspb_heading-id-gsbp-acd67c1 .gsap-g-line{text-align:left!important}#gspb_heading-id-gsbp-acd67c1{color:var(--wp--preset--color--palette-color-8, var(--theme-palette-color-8, #ffffff));margin-top:50px;margin-bottom:50px}#gspb_col-id-gsbp-bc7593f.gspb_row__col--4{width:33.333333333333336%}@media (max-width:575.98px){#gspb_col-id-gsbp-bc7593f.gspb_row__col--4{width:100%}}#gspb_button-id-gsbp-242d0d3 .gspb-buttonbox-text{display:flex;flex-direction:column}#gspb_button-id-gsbp-242d0d3>.gspb-buttonbox{box-sizing:border-box;margin-top:50px;margin-bottom:20px}#gspb_button-id-gsbp-242d0d3,#gspb_button-id-gsbp-acb4a9c{display:flex;justify-content:flex-end}#gspb_button-id-gsbp-acb4a9c .gspb-buttonbox-text{display:flex;flex-direction:column}#gspb_button-id-gsbp-acb4a9c>.gspb-buttonbox{box-sizing:border-box;margin-top:20px;margin-bottom:20px}#gspb_row-id-gsbp-e8bdd1e{justify-content:space-between;margin-top:0;margin-bottom:0;display:flex;flex-wrap:wrap}#gspb_row-id-gsbp-e8bdd1e>.gspb_row__content{display:flex;justify-content:space-between;margin:0 auto;width:100%;flex-wrap:wrap}body.gspb-bodyfront #gspb_row-id-gsbp-38e02e0>.gspb_row__content,body.gspb-bodyfront #gspb_row-id-gsbp-e8bdd1e>.gspb_row__content{width:var(--theme-container-width, 1200px);max-width:var(--theme-normal-container-max-width, 1200px)}#gspb_col-id-gsbp-14b206c.gspb_row__col--12{width:100%}@media (max-width:575.98px){#gspb_col-id-gsbp-14b206c.gspb_row__col--12{width:100%}}#gspb_heading-id-gsbp-9dbeca1,#gspb_heading-id-gsbp-9dbeca1 .gsap-g-line{text-align:left!important}#gspb_heading-id-gsbp-9dbeca1{color:var(--wp--preset--color--palette-color-8, var(--theme-palette-color-8, #ffffff));margin-top:10px;margin-bottom:10px}#gspb_col-id-gsbp-842d0fa.gspb_row__col--12{width:100%}@media (max-width:575.98px){#gspb_col-id-gsbp-842d0fa.gspb_row__col--12{width:100%}}#gspb_row-id-gsbp-1d72265,#gspb_row-id-gsbp-56f914a{justify-content:space-between;margin-top:0;margin-bottom:0;display:flex;flex-wrap:wrap}#gspb_row-id-gsbp-56f914a>.gspb_row__content{display:flex;justify-content:space-between;margin:0 auto;width:100%;flex-wrap:wrap}#gspb_col-id-gsbp-46ea378.gspb_row__col--4{width:33.333333333333336%}@media (max-width:575.98px){#gspb_col-id-gsbp-46ea378.gspb_row__col--4{width:100%}}#gspb_col-id-gsbp-0ac1656.gspb_row__col--4{width:33.333333333333336%}@media (max-width:575.98px){#gspb_col-id-gsbp-0ac1656.gspb_row__col--4{width:100%}}#gspb_col-id-gsbp-1a01959.gspb_row__col--4{width:33.333333333333336%}@media (max-width:575.98px){#gspb_col-id-gsbp-1a01959.gspb_row__col--4{width:100%}}.gspb_text-id-gsbp-022cc35{margin-top:0!important}#gspb_row-id-gsbp-1d72265>.gspb_row__content{display:flex;justify-content:space-between;margin:0 auto;width:100%;flex-wrap:wrap}.gspb_row{position:relative}body.gspb-bodyfront #gspb_row-id-gsbp-1d72265>.gspb_row__content,body.gspb-bodyfront #gspb_row-id-gsbp-56f914a>.gspb_row__content{width:var(--theme-container-width, 1200px);max-width:var(--theme-normal-container-max-width, 1200px)}#gspb_col-id-gsbp-c9bb988.gspb_row__col--12{width:100%}@media (max-width:575.98px){#gspb_col-id-gsbp-c9bb988.gspb_row__col--12{width:100%}}","_uag_custom_page_level_css":"","footnotes":""},"folder":[2689],"class_list":["post-12646","page","type-page","status-publish","has-post-thumbnail","hentry"],"blocksy_meta":{"has_hero_section":"disabled","content_style_source":"inherit","vertical_spacing_source":"custom","content_area_spacing":"none"},"yoast_head":"<!-- This site is optimized with the Yoast SEO Premium plugin v27.4 (Yoast SEO v27.4) - https:\/\/yoast.com\/product\/yoast-seo-premium-wordpress\/ -->\n<title>IG Europe - seasonax<\/title>\n<meta name=\"robots\" content=\"index, follow, max-snippet:-1, max-image-preview:large, max-video-preview:-1\" \/>\n<link rel=\"canonical\" href=\"https:\/\/www.seasonax.com\/de\/ig-europe\/\" \/>\n<meta property=\"og:locale\" content=\"de_DE\" \/>\n<meta property=\"og:type\" content=\"article\" \/>\n<meta property=\"og:title\" content=\"IG Europe\" \/>\n<meta property=\"og:url\" content=\"https:\/\/www.seasonax.com\/de\/ig-europe\/\" \/>\n<meta property=\"og:site_name\" content=\"seasonax\" \/>\n<meta property=\"article:publisher\" content=\"https:\/\/www.facebook.com\/Seasonax\/\" \/>\n<meta property=\"article:modified_time\" content=\"2026-04-14T09:42:02+00:00\" \/>\n<meta property=\"og:image\" content=\"https:\/\/www.seasonax.com\/wp-content\/uploads\/2023\/04\/IG-icon.jpg\" \/>\n\t<meta property=\"og:image:width\" content=\"1001\" \/>\n\t<meta property=\"og:image:height\" content=\"1000\" \/>\n\t<meta property=\"og:image:type\" content=\"image\/jpeg\" \/>\n<meta name=\"twitter:card\" content=\"summary_large_image\" \/>\n<meta name=\"twitter:site\" content=\"@seasonaxapp\" \/>\n<meta name=\"twitter:label1\" content=\"Gesch\u00e4tzte Lesezeit\" \/>\n\t<meta name=\"twitter:data1\" content=\"2\u00a0Minuten\" \/>\n<script type=\"application\/ld+json\" class=\"yoast-schema-graph\">{\"@context\":\"https:\\\/\\\/schema.org\",\"@graph\":[{\"@type\":\"WebPage\",\"@id\":\"https:\\\/\\\/www.seasonax.com\\\/de\\\/ig-europe\\\/\",\"url\":\"https:\\\/\\\/www.seasonax.com\\\/de\\\/ig-europe\\\/\",\"name\":\"IG Europe - seasonax\",\"isPartOf\":{\"@id\":\"https:\\\/\\\/www.seasonax.com\\\/#website\"},\"primaryImageOfPage\":{\"@id\":\"https:\\\/\\\/www.seasonax.com\\\/de\\\/ig-europe\\\/#primaryimage\"},\"image\":{\"@id\":\"https:\\\/\\\/www.seasonax.com\\\/de\\\/ig-europe\\\/#primaryimage\"},\"thumbnailUrl\":\"https:\\\/\\\/www.seasonax.com\\\/wp-content\\\/uploads\\\/2023\\\/04\\\/IG-icon.jpg\",\"datePublished\":\"2023-04-19T11:37:34+00:00\",\"dateModified\":\"2026-04-14T09:42:02+00:00\",\"breadcrumb\":{\"@id\":\"https:\\\/\\\/www.seasonax.com\\\/de\\\/ig-europe\\\/#breadcrumb\"},\"inLanguage\":\"de\",\"potentialAction\":[{\"@type\":\"ReadAction\",\"target\":[\"https:\\\/\\\/www.seasonax.com\\\/de\\\/ig-europe\\\/\"]}]},{\"@type\":\"ImageObject\",\"inLanguage\":\"de\",\"@id\":\"https:\\\/\\\/www.seasonax.com\\\/de\\\/ig-europe\\\/#primaryimage\",\"url\":\"https:\\\/\\\/www.seasonax.com\\\/wp-content\\\/uploads\\\/2023\\\/04\\\/IG-icon.jpg\",\"contentUrl\":\"https:\\\/\\\/www.seasonax.com\\\/wp-content\\\/uploads\\\/2023\\\/04\\\/IG-icon.jpg\",\"width\":1001,\"height\":1000},{\"@type\":\"BreadcrumbList\",\"@id\":\"https:\\\/\\\/www.seasonax.com\\\/de\\\/ig-europe\\\/#breadcrumb\",\"itemListElement\":[{\"@type\":\"ListItem\",\"position\":1,\"name\":\"Home\",\"item\":\"https:\\\/\\\/www.seasonax.com\\\/de\\\/\"},{\"@type\":\"ListItem\",\"position\":2,\"name\":\"IG Europe\"}]},{\"@type\":\"WebSite\",\"@id\":\"https:\\\/\\\/www.seasonax.com\\\/#website\",\"url\":\"https:\\\/\\\/www.seasonax.com\\\/\",\"name\":\"seasonax\",\"description\":\"Analyze.Time.Benefit.\",\"potentialAction\":[{\"@type\":\"SearchAction\",\"target\":{\"@type\":\"EntryPoint\",\"urlTemplate\":\"https:\\\/\\\/www.seasonax.com\\\/?s={search_term_string}\"},\"query-input\":{\"@type\":\"PropertyValueSpecification\",\"valueRequired\":true,\"valueName\":\"search_term_string\"}}],\"inLanguage\":\"de\"}]}<\/script>\n<!-- \/ Yoast SEO Premium plugin. -->","yoast_head_json":{"title":"IG Europe - seasonax","robots":{"index":"index","follow":"follow","max-snippet":"max-snippet:-1","max-image-preview":"max-image-preview:large","max-video-preview":"max-video-preview:-1"},"canonical":"https:\/\/www.seasonax.com\/de\/ig-europe\/","og_locale":"de_DE","og_type":"article","og_title":"IG Europe","og_url":"https:\/\/www.seasonax.com\/de\/ig-europe\/","og_site_name":"seasonax","article_publisher":"https:\/\/www.facebook.com\/Seasonax\/","article_modified_time":"2026-04-14T09:42:02+00:00","og_image":[{"width":1001,"height":1000,"url":"https:\/\/www.seasonax.com\/wp-content\/uploads\/2023\/04\/IG-icon.jpg","type":"image\/jpeg"}],"twitter_card":"summary_large_image","twitter_site":"@seasonaxapp","twitter_misc":{"Gesch\u00e4tzte Lesezeit":"2\u00a0Minuten"},"schema":{"@context":"https:\/\/schema.org","@graph":[{"@type":"WebPage","@id":"https:\/\/www.seasonax.com\/de\/ig-europe\/","url":"https:\/\/www.seasonax.com\/de\/ig-europe\/","name":"IG Europe - seasonax","isPartOf":{"@id":"https:\/\/www.seasonax.com\/#website"},"primaryImageOfPage":{"@id":"https:\/\/www.seasonax.com\/de\/ig-europe\/#primaryimage"},"image":{"@id":"https:\/\/www.seasonax.com\/de\/ig-europe\/#primaryimage"},"thumbnailUrl":"https:\/\/www.seasonax.com\/wp-content\/uploads\/2023\/04\/IG-icon.jpg","datePublished":"2023-04-19T11:37:34+00:00","dateModified":"2026-04-14T09:42:02+00:00","breadcrumb":{"@id":"https:\/\/www.seasonax.com\/de\/ig-europe\/#breadcrumb"},"inLanguage":"de","potentialAction":[{"@type":"ReadAction","target":["https:\/\/www.seasonax.com\/de\/ig-europe\/"]}]},{"@type":"ImageObject","inLanguage":"de","@id":"https:\/\/www.seasonax.com\/de\/ig-europe\/#primaryimage","url":"https:\/\/www.seasonax.com\/wp-content\/uploads\/2023\/04\/IG-icon.jpg","contentUrl":"https:\/\/www.seasonax.com\/wp-content\/uploads\/2023\/04\/IG-icon.jpg","width":1001,"height":1000},{"@type":"BreadcrumbList","@id":"https:\/\/www.seasonax.com\/de\/ig-europe\/#breadcrumb","itemListElement":[{"@type":"ListItem","position":1,"name":"Home","item":"https:\/\/www.seasonax.com\/de\/"},{"@type":"ListItem","position":2,"name":"IG Europe"}]},{"@type":"WebSite","@id":"https:\/\/www.seasonax.com\/#website","url":"https:\/\/www.seasonax.com\/","name":"seasonax","description":"Analyze.Time.Benefit.","potentialAction":[{"@type":"SearchAction","target":{"@type":"EntryPoint","urlTemplate":"https:\/\/www.seasonax.com\/?s={search_term_string}"},"query-input":{"@type":"PropertyValueSpecification","valueRequired":true,"valueName":"search_term_string"}}],"inLanguage":"de"}]}},"uagb_featured_image_src":{"full":["https:\/\/www.seasonax.com\/wp-content\/uploads\/2023\/04\/IG-icon.jpg",1001,1000,false],"thumbnail":["https:\/\/www.seasonax.com\/wp-content\/uploads\/2023\/04\/IG-icon-300x300.jpg",300,300,true],"medium":["https:\/\/www.seasonax.com\/wp-content\/uploads\/2023\/04\/IG-icon-720x720.jpg",720,720,true],"medium_large":["https:\/\/www.seasonax.com\/wp-content\/uploads\/2023\/04\/IG-icon-768x767.jpg",768,767,true],"large":["https:\/\/www.seasonax.com\/wp-content\/uploads\/2023\/04\/IG-icon.jpg",1001,1000,false],"1536x1536":["https:\/\/www.seasonax.com\/wp-content\/uploads\/2023\/04\/IG-icon.jpg",1001,1000,false],"2048x2048":["https:\/\/www.seasonax.com\/wp-content\/uploads\/2023\/04\/IG-icon.jpg",1001,1000,false]},"uagb_author_info":{"display_name":"Florian Hulan","author_link":"https:\/\/www.seasonax.com\/de\/author\/florian\/"},"uagb_comment_info":0,"uagb_excerpt":null,"_links":{"self":[{"href":"https:\/\/www.seasonax.com\/de\/wp-json\/wp\/v2\/pages\/12646","targetHints":{"allow":["GET"]}}],"collection":[{"href":"https:\/\/www.seasonax.com\/de\/wp-json\/wp\/v2\/pages"}],"about":[{"href":"https:\/\/www.seasonax.com\/de\/wp-json\/wp\/v2\/types\/page"}],"author":[{"embeddable":true,"href":"https:\/\/www.seasonax.com\/de\/wp-json\/wp\/v2\/users\/1"}],"replies":[{"embeddable":true,"href":"https:\/\/www.seasonax.com\/de\/wp-json\/wp\/v2\/comments?post=12646"}],"version-history":[{"count":5,"href":"https:\/\/www.seasonax.com\/de\/wp-json\/wp\/v2\/pages\/12646\/revisions"}],"predecessor-version":[{"id":22350,"href":"https:\/\/www.seasonax.com\/de\/wp-json\/wp\/v2\/pages\/12646\/revisions\/22350"}],"wp:featuredmedia":[{"embeddable":true,"href":"https:\/\/www.seasonax.com\/de\/wp-json\/wp\/v2\/media\/12650"}],"wp:attachment":[{"href":"https:\/\/www.seasonax.com\/de\/wp-json\/wp\/v2\/media?parent=12646"}],"wp:term":[{"taxonomy":"folder","embeddable":true,"href":"https:\/\/www.seasonax.com\/de\/wp-json\/wp\/v2\/folder?post=12646"}],"curies":[{"name":"wp","href":"https:\/\/api.w.org\/{rel}","templated":true}]}}