{"id":21264,"date":"2025-12-05T09:56:37","date_gmt":"2025-12-05T08:56:37","guid":{"rendered":"https:\/\/www.seasonax.com\/?page_id=21264"},"modified":"2026-04-13T15:48:55","modified_gmt":"2026-04-13T13:48:55","slug":"datenschutz-gewinnspiele","status":"publish","type":"page","link":"https:\/\/www.seasonax.com\/de\/datenschutz-gewinnspiele\/","title":{"rendered":"Datenschutz"},"content":{"rendered":"\n<div class=\"wp-block-greenshift-blocks-row alignfull gspb_row gspb_row-id-gsbp-1fe3018\" id=\"gspb_row-id-gsbp-1fe3018\"><div class=\"gspb_backgroundOverlay\"><\/div><div class=\"gspb_row__content\"> \n<div class=\"wp-block-greenshift-blocks-row-column gspb_row__col--6 gspb_col-id-gsbp-44fdcc9\" id=\"gspb_col-id-gsbp-44fdcc9\">\n<div class=\"wp-block-greenshift-blocks-container gspb_container gspb_container-gsbp-c456730\" id=\"gspb_container-id-gsbp-c456730\">\n<h1 id=\"gspb_heading-id-gsbp-176d1d1\" class=\"gspb_heading gspb_heading-id-gsbp-176d1d1 \">Datenschutzinformation f\u00fcr Instagram-Gewinnspiele<\/h1>\n<\/div>\n<\/div>\n <\/div><\/div>\n\n\n\n<div id=\"gspb_text-id-gsbp-d5e36f7\" class=\"gspb_text gspb_text-id-gsbp-d5e36f7 \"><strong>Datenschutzinformation f\u00fcr Teilnehmer eines Instagram-Gewinnspiels<\/strong><br>Die folgende Information dient der Aufkl\u00e4rung \u00fcber Art, Umfang und Zweck der Erhebung und Verwendung von personenbezogenen Daten durch seasonax GmbH, FN 411701 v, im Zusammenhang mit\u00a0Gewinnspielen\u00a0und informiert Sie zudem \u00fcber Ihre Rechte bei der Erhebung und Verarbeitung Ihrer personenbezogenen Daten. Diese Information erfolgt gem\u00e4\u00df Datenschutzgesetz und Datenschutz-Grundverordnung (DSGVO).<br><br><strong>1. Wer ist Verantwortlicher?<\/strong><br>Verantwortlicher der Datenverarbeitung ist<br><br><strong>seasonax GmbH,\u00a0<\/strong>FN 411701 v<br>Lemb\u00f6ckgasse 47A\/B1,\u00a01230 Wien<br>E-Mail:\u00a0<a href=\"mailto:support@seasonax.com\">support@seasonax.com<\/a><br><br><strong>2. Welche Daten werden verarbeitet und woher stammen diese Daten?<\/strong><br>Wir verarbeiten Ihre Daten als Teilnehmer:in eines von uns \u00fcber Instagram veranstalteten Gewinnspiels.<br>Im Rahmen des Gewinnspiels werden folgende personenbezogene Daten der Teilnehmer:innen verarbeitet:<br>&#8211; Vor- und Nachname<br>&#8211; Instagram-Profilname, Instagram-Profilbild (und gegebenenfalls den Inhalt ihres Kommentars)<br>&#8211; E-Mail Adresse<br><br>Im Gewinnfall zus\u00e4tzlich folgende personenbezogene Daten:<br>&#8211; Adresse<br>&#8211; Kontodaten und\/oder PayPal-Daten (entweder E-Mail-Adresse und\/oder hinterlegte Telefonnummer des PayPal Kontoinhabers\/in)<br><br><strong>3. Aufgrund welcher Rechtsgrundlage und zu welchen Zwecken erfolgt die Datenverarbeitung?<\/strong><br>Die Verarbeitung personenbezogener Daten erfolgt gem\u00e4\u00df Art 6 Abs 1 lit b DSGVO zur Durchf\u00fchrung des Gewinnspiels (und damit Vertragserf\u00fcllung) sowie zum Zwecke vorvertraglicher Ma\u00dfnahmen. Die Speicherung und Verarbeitung der Daten ist zur Gewinnspielabwicklung sowie allf\u00e4lligen Gewinnverst\u00e4ndigung erforderlich.<br><br><strong>4. Wie lange werden Ihre Daten verarbeitet und gespeichert?<\/strong><br>Die personenbezogenen Daten aus Punkt 2 werden nur so lange verarbeitet und gespeichert, solange dies f\u00fcr die Durchf\u00fchrung des Gewinnspiels und eine Nachbearbeitung (etwa im Fall von Nachfragen oder Reklamationen) erforderlich ist. Danach werden sie gel\u00f6scht, sofern nicht gesetzliche Aufbewahrungspflichten entgegenstehen.<br><br><strong>5. An wen werden Ihre Daten weitergegeben?<\/strong><br>Die Daten werden an weitere Dritte nur dann weitergegeben, wenn dies zur Erf\u00fcllung gesetzlicher oder (vor)vertraglicher Pflichten erforderlich, zur Wahrung unserer berechtigten Interessen gerechtfertigt oder im Rahmen Ihrer freiwillig erteilten Einwilligung zul\u00e4ssig ist.<br>F\u00fcr die Durchf\u00fchrung des Gewinnspiels ist es m\u00f6glicherweise erforderlich, Ihre Daten an Dritte (wie etwa Versanddienstleister, Partnerunternehmen) weiterzuleiten.<br>Da das Gewinnspiel \u00fcber Instagram stattfindet, hat auch der Plattformbetreiber Zugriff auf Ihre personenbezogenen Daten in Kommentaren oder Postings.\u00a0<br><br><strong>6. Welche Rechte stehen Ihnen zu?<\/strong><br>Hinsichtlich Ihrer von uns verarbeiteten personenbezogenen Daten, haben Sie ein Recht auf Auskunft, Berichtigung, L\u00f6schung, Einschr\u00e4nkung und Daten\u00fcbertragbarkeit. Sofern die Verarbeitung auf Ihrer Einwilligung basiert, k\u00f6nnen Sie diese mit Wirkung f\u00fcr die Zukunft jederzeit widerrufen. Sie sind aus ber\u00fccksichtigungsw\u00fcrdigen Gr\u00fcnden jederzeit berechtigt, Widerspruch gegen die Verarbeitung von personenbezogenen Daten, die Sie betreffen, zu erheben. Wenn Sie Widerspruch erheben, werden wir personenbezogene Daten, die Sie betreffen, nicht weiter verarbeiten, sofern wir nicht nachweisen k\u00f6nnen, dass unsere Gr\u00fcnde f\u00fcr die Verarbeitung Ihre Interessen \u00fcberwiegen.<br>Weiters haben Sie das Recht, bei der\u00a0<br><br>\u00d6sterreichischen Datenschutzbeh\u00f6rde<br>Barichgasse 40-42,<br>1030 Wien,<br>+43 1 521 520,<br>E-Mail: dsb@dsb.gv.at<br><br>eine Beschwerde einzulegen, wenn Sie der Ansicht sind, dass Ihr Rechte auf Datenschutz verletzt wird.<br><br><strong>7. Kontaktdaten<\/strong><br>Um von Ihren Rechten in Bezug auf Ihre von uns verarbeiteten Daten Gebrauch zu machen, wenden Sie sich bitte an:<br><br><strong>seasonax GmbH<\/strong>, FN 411701 v<br>Lemb\u00f6ckgasse 47A\/B1,\u00a01230 Wien<br>E-Mail:\u00a0<a href=\"mailto:support@seasonax.com\">support@seasonax.com<\/a><\/div>\n","protected":false},"excerpt":{"rendered":"","protected":false},"author":81,"featured_media":8591,"parent":0,"menu_order":0,"comment_status":"closed","ping_status":"closed","template":"","meta":{"_eb_attr":"","_gspb_post_css":"#gspb_row-id-gsbp-1fe3018{justify-content:space-between;margin-top:0;margin-bottom:0;display:flex;flex-wrap:wrap;min-height:100vh}#gspb_row-id-gsbp-1fe3018>.gspb_row__content{display:flex;justify-content:space-between;margin:0 auto;width:100%;flex-wrap:wrap;align-items:center}.gspb_row{position:relative}div[id^=gspb_col-id]{box-sizing:border-box;position:relative;padding:var(--gs-row-column-padding, 15px min(3vw, 20px))}@media (max-width:991.98px){#gspb_row-id-gsbp-1fe3018{min-height:100vh}}@media (max-width:575.98px){#gspb_row-id-gsbp-1fe3018{min-height:100}}body.gspb-bodyfront #gspb_row-id-gsbp-1fe3018>.gspb_row__content{width:var(--theme-container-width, 1200px);max-width:var(--theme-normal-container-max-width, 1200px)}#gspb_row-id-gsbp-1fe3018{align-content:center;background-size:cover;background-image:url(https:\/\/www.seasonax.com\/wp-content\/uploads\/2023\/03\/seasonax-seasonality-bigdata-right.webp?ver=1681293447);background-attachment:fixed;isolation:isolate}#gspb_row-id-gsbp-1fe3018:hover{background-size:cover}#gspb_row-id-gsbp-1fe3018>.gspb_backgroundOverlay{position:absolute;top:0;left:0;width:100%;height:100%;z-index:-1;background-image:linear-gradient(180deg,#0d141c 0,rgba(13,20,28,.56) 20%,rgba(13,20,28,.56) 80%,#0d141c 100%)}#gspb_col-id-gsbp-44fdcc9.gspb_row__col--6{width:50%}@media (max-width:575.98px){#gspb_col-id-gsbp-44fdcc9.gspb_row__col--6{width:100%}}@media (min-width:992px){body.gspb-bodyfront #gspb_col-id-gsbp-44fdcc9.gspb_row__col--6{width:calc(100% - 0px - 0px)}}@media (min-width:576px) and (max-width:991.98px){body.gspb-bodyfront #gspb_col-id-gsbp-44fdcc9.gspb_row__col--6{width:calc(100% - 0px - 0px)}}.gspb_container-id-gsbp-c456730{flex-direction:column;box-sizing:border-box}#gspb_container-id-gsbp-c456730.gspb_container>p:last-of-type{margin-bottom:0}#gspb_container-id-gsbp-c456730.gspb_container{position:relative;box-sizing:border-box}#gspb_heading-id-gsbp-176d1d1,#gspb_heading-id-gsbp-176d1d1 .gsap-g-line{text-align:center!important}#gspb_heading-id-gsbp-176d1d1{color:var(--wp--preset--color--palette-color-8, var(--theme-palette-color-8, #ffffff));margin-top:10px;margin-bottom:10px}","_uag_custom_page_level_css":"","footnotes":""},"folder":[2866],"class_list":["post-21264","page","type-page","status-publish","has-post-thumbnail","hentry"],"blocksy_meta":[],"yoast_head":"<!-- This site is optimized with the Yoast SEO Premium plugin v27.4 (Yoast SEO v27.4) - https:\/\/yoast.com\/product\/yoast-seo-premium-wordpress\/ -->\n<title>Datenschutz f\u00fcr Gewinnspiele - seasonax<\/title>\n<meta name=\"description\" content=\"Datenschutzinformationen f\u00fcr Teilnehmer von Gewinnspielen.\" \/>\n<meta name=\"robots\" content=\"index, follow, max-snippet:-1, max-image-preview:large, max-video-preview:-1\" \/>\n<link rel=\"canonical\" href=\"https:\/\/www.seasonax.com\/de\/datenschutz-gewinnspiele\/\" \/>\n<meta property=\"og:locale\" content=\"de_DE\" \/>\n<meta property=\"og:type\" content=\"article\" \/>\n<meta property=\"og:title\" content=\"Datenschutz\" \/>\n<meta property=\"og:description\" content=\"Datenschutzinformationen f\u00fcr Teilnehmer von Gewinnspielen.\" \/>\n<meta property=\"og:url\" content=\"https:\/\/www.seasonax.com\/de\/datenschutz-gewinnspiele\/\" \/>\n<meta property=\"og:site_name\" content=\"seasonax\" \/>\n<meta property=\"article:publisher\" content=\"https:\/\/www.facebook.com\/Seasonax\/\" \/>\n<meta property=\"article:modified_time\" content=\"2026-04-13T13:48:55+00:00\" \/>\n<meta property=\"og:image\" content=\"https:\/\/www.seasonax.com\/wp-content\/uploads\/2023\/03\/sx_keyvisual_test10.jpg\" \/>\n\t<meta property=\"og:image:width\" content=\"1920\" \/>\n\t<meta property=\"og:image:height\" content=\"1080\" \/>\n\t<meta property=\"og:image:type\" content=\"image\/jpeg\" \/>\n<meta name=\"twitter:card\" content=\"summary_large_image\" \/>\n<meta name=\"twitter:site\" content=\"@seasonaxapp\" \/>\n<meta name=\"twitter:label1\" content=\"Gesch\u00e4tzte Lesezeit\" \/>\n\t<meta name=\"twitter:data1\" content=\"3\u00a0Minuten\" \/>\n<script type=\"application\/ld+json\" class=\"yoast-schema-graph\">{\"@context\":\"https:\\\/\\\/schema.org\",\"@graph\":[{\"@type\":\"WebPage\",\"@id\":\"https:\\\/\\\/www.seasonax.com\\\/de\\\/datenschutz-gewinnspiele\\\/\",\"url\":\"https:\\\/\\\/www.seasonax.com\\\/de\\\/datenschutz-gewinnspiele\\\/\",\"name\":\"Datenschutz f\u00fcr Gewinnspiele - seasonax\",\"isPartOf\":{\"@id\":\"https:\\\/\\\/www.seasonax.com\\\/#website\"},\"primaryImageOfPage\":{\"@id\":\"https:\\\/\\\/www.seasonax.com\\\/de\\\/datenschutz-gewinnspiele\\\/#primaryimage\"},\"image\":{\"@id\":\"https:\\\/\\\/www.seasonax.com\\\/de\\\/datenschutz-gewinnspiele\\\/#primaryimage\"},\"thumbnailUrl\":\"https:\\\/\\\/www.seasonax.com\\\/wp-content\\\/uploads\\\/2023\\\/03\\\/sx_keyvisual_test10.jpg\",\"datePublished\":\"2025-12-05T08:56:37+00:00\",\"dateModified\":\"2026-04-13T13:48:55+00:00\",\"description\":\"Datenschutzinformationen f\u00fcr Teilnehmer von Gewinnspielen.\",\"breadcrumb\":{\"@id\":\"https:\\\/\\\/www.seasonax.com\\\/de\\\/datenschutz-gewinnspiele\\\/#breadcrumb\"},\"inLanguage\":\"de\",\"potentialAction\":[{\"@type\":\"ReadAction\",\"target\":[\"https:\\\/\\\/www.seasonax.com\\\/de\\\/datenschutz-gewinnspiele\\\/\"]}]},{\"@type\":\"ImageObject\",\"inLanguage\":\"de\",\"@id\":\"https:\\\/\\\/www.seasonax.com\\\/de\\\/datenschutz-gewinnspiele\\\/#primaryimage\",\"url\":\"https:\\\/\\\/www.seasonax.com\\\/wp-content\\\/uploads\\\/2023\\\/03\\\/sx_keyvisual_test10.jpg\",\"contentUrl\":\"https:\\\/\\\/www.seasonax.com\\\/wp-content\\\/uploads\\\/2023\\\/03\\\/sx_keyvisual_test10.jpg\",\"width\":1920,\"height\":1080},{\"@type\":\"BreadcrumbList\",\"@id\":\"https:\\\/\\\/www.seasonax.com\\\/de\\\/datenschutz-gewinnspiele\\\/#breadcrumb\",\"itemListElement\":[{\"@type\":\"ListItem\",\"position\":1,\"name\":\"Home\",\"item\":\"https:\\\/\\\/www.seasonax.com\\\/de\\\/\"},{\"@type\":\"ListItem\",\"position\":2,\"name\":\"Datenschutz\"}]},{\"@type\":\"WebSite\",\"@id\":\"https:\\\/\\\/www.seasonax.com\\\/#website\",\"url\":\"https:\\\/\\\/www.seasonax.com\\\/\",\"name\":\"seasonax\",\"description\":\"Analyze.Time.Benefit.\",\"potentialAction\":[{\"@type\":\"SearchAction\",\"target\":{\"@type\":\"EntryPoint\",\"urlTemplate\":\"https:\\\/\\\/www.seasonax.com\\\/?s={search_term_string}\"},\"query-input\":{\"@type\":\"PropertyValueSpecification\",\"valueRequired\":true,\"valueName\":\"search_term_string\"}}],\"inLanguage\":\"de\"}]}<\/script>\n<!-- \/ Yoast SEO Premium plugin. -->","yoast_head_json":{"title":"Datenschutz f\u00fcr Gewinnspiele - seasonax","description":"Datenschutzinformationen f\u00fcr Teilnehmer von Gewinnspielen.","robots":{"index":"index","follow":"follow","max-snippet":"max-snippet:-1","max-image-preview":"max-image-preview:large","max-video-preview":"max-video-preview:-1"},"canonical":"https:\/\/www.seasonax.com\/de\/datenschutz-gewinnspiele\/","og_locale":"de_DE","og_type":"article","og_title":"Datenschutz","og_description":"Datenschutzinformationen f\u00fcr Teilnehmer von Gewinnspielen.","og_url":"https:\/\/www.seasonax.com\/de\/datenschutz-gewinnspiele\/","og_site_name":"seasonax","article_publisher":"https:\/\/www.facebook.com\/Seasonax\/","article_modified_time":"2026-04-13T13:48:55+00:00","og_image":[{"width":1920,"height":1080,"url":"https:\/\/www.seasonax.com\/wp-content\/uploads\/2023\/03\/sx_keyvisual_test10.jpg","type":"image\/jpeg"}],"twitter_card":"summary_large_image","twitter_site":"@seasonaxapp","twitter_misc":{"Gesch\u00e4tzte Lesezeit":"3\u00a0Minuten"},"schema":{"@context":"https:\/\/schema.org","@graph":[{"@type":"WebPage","@id":"https:\/\/www.seasonax.com\/de\/datenschutz-gewinnspiele\/","url":"https:\/\/www.seasonax.com\/de\/datenschutz-gewinnspiele\/","name":"Datenschutz f\u00fcr Gewinnspiele - seasonax","isPartOf":{"@id":"https:\/\/www.seasonax.com\/#website"},"primaryImageOfPage":{"@id":"https:\/\/www.seasonax.com\/de\/datenschutz-gewinnspiele\/#primaryimage"},"image":{"@id":"https:\/\/www.seasonax.com\/de\/datenschutz-gewinnspiele\/#primaryimage"},"thumbnailUrl":"https:\/\/www.seasonax.com\/wp-content\/uploads\/2023\/03\/sx_keyvisual_test10.jpg","datePublished":"2025-12-05T08:56:37+00:00","dateModified":"2026-04-13T13:48:55+00:00","description":"Datenschutzinformationen f\u00fcr Teilnehmer von Gewinnspielen.","breadcrumb":{"@id":"https:\/\/www.seasonax.com\/de\/datenschutz-gewinnspiele\/#breadcrumb"},"inLanguage":"de","potentialAction":[{"@type":"ReadAction","target":["https:\/\/www.seasonax.com\/de\/datenschutz-gewinnspiele\/"]}]},{"@type":"ImageObject","inLanguage":"de","@id":"https:\/\/www.seasonax.com\/de\/datenschutz-gewinnspiele\/#primaryimage","url":"https:\/\/www.seasonax.com\/wp-content\/uploads\/2023\/03\/sx_keyvisual_test10.jpg","contentUrl":"https:\/\/www.seasonax.com\/wp-content\/uploads\/2023\/03\/sx_keyvisual_test10.jpg","width":1920,"height":1080},{"@type":"BreadcrumbList","@id":"https:\/\/www.seasonax.com\/de\/datenschutz-gewinnspiele\/#breadcrumb","itemListElement":[{"@type":"ListItem","position":1,"name":"Home","item":"https:\/\/www.seasonax.com\/de\/"},{"@type":"ListItem","position":2,"name":"Datenschutz"}]},{"@type":"WebSite","@id":"https:\/\/www.seasonax.com\/#website","url":"https:\/\/www.seasonax.com\/","name":"seasonax","description":"Analyze.Time.Benefit.","potentialAction":[{"@type":"SearchAction","target":{"@type":"EntryPoint","urlTemplate":"https:\/\/www.seasonax.com\/?s={search_term_string}"},"query-input":{"@type":"PropertyValueSpecification","valueRequired":true,"valueName":"search_term_string"}}],"inLanguage":"de"}]}},"uagb_featured_image_src":{"full":["https:\/\/www.seasonax.com\/wp-content\/uploads\/2023\/03\/sx_keyvisual_test10.jpg",1920,1080,false],"thumbnail":["https:\/\/www.seasonax.com\/wp-content\/uploads\/2023\/03\/sx_keyvisual_test10-300x300.jpg",300,300,true],"medium":["https:\/\/www.seasonax.com\/wp-content\/uploads\/2023\/03\/sx_keyvisual_test10-720x405.jpg",720,405,true],"medium_large":["https:\/\/www.seasonax.com\/wp-content\/uploads\/2023\/03\/sx_keyvisual_test10-768x432.jpg",768,432,true],"large":["https:\/\/www.seasonax.com\/wp-content\/uploads\/2023\/03\/sx_keyvisual_test10.jpg",1290,726,false],"1536x1536":["https:\/\/www.seasonax.com\/wp-content\/uploads\/2023\/03\/sx_keyvisual_test10-1536x864.jpg",1536,864,true],"2048x2048":["https:\/\/www.seasonax.com\/wp-content\/uploads\/2023\/03\/sx_keyvisual_test10.jpg",1920,1080,false]},"uagb_author_info":{"display_name":"Lukas Kroisenbrunner","author_link":"https:\/\/www.seasonax.com\/de\/author\/lukas\/"},"uagb_comment_info":0,"uagb_excerpt":null,"_links":{"self":[{"href":"https:\/\/www.seasonax.com\/de\/wp-json\/wp\/v2\/pages\/21264","targetHints":{"allow":["GET"]}}],"collection":[{"href":"https:\/\/www.seasonax.com\/de\/wp-json\/wp\/v2\/pages"}],"about":[{"href":"https:\/\/www.seasonax.com\/de\/wp-json\/wp\/v2\/types\/page"}],"author":[{"embeddable":true,"href":"https:\/\/www.seasonax.com\/de\/wp-json\/wp\/v2\/users\/81"}],"replies":[{"embeddable":true,"href":"https:\/\/www.seasonax.com\/de\/wp-json\/wp\/v2\/comments?post=21264"}],"version-history":[{"count":10,"href":"https:\/\/www.seasonax.com\/de\/wp-json\/wp\/v2\/pages\/21264\/revisions"}],"predecessor-version":[{"id":22308,"href":"https:\/\/www.seasonax.com\/de\/wp-json\/wp\/v2\/pages\/21264\/revisions\/22308"}],"wp:featuredmedia":[{"embeddable":true,"href":"https:\/\/www.seasonax.com\/de\/wp-json\/wp\/v2\/media\/8591"}],"wp:attachment":[{"href":"https:\/\/www.seasonax.com\/de\/wp-json\/wp\/v2\/media?parent=21264"}],"wp:term":[{"taxonomy":"folder","embeddable":true,"href":"https:\/\/www.seasonax.com\/de\/wp-json\/wp\/v2\/folder?post=21264"}],"curies":[{"name":"wp","href":"https:\/\/api.w.org\/{rel}","templated":true}]}}