{"id":21280,"date":"2025-12-05T10:19:27","date_gmt":"2025-12-05T09:19:27","guid":{"rendered":"https:\/\/www.seasonax.com\/?page_id=21280"},"modified":"2026-04-14T09:24:25","modified_gmt":"2026-04-14T07:24:25","slug":"teilnahmebedingungen-gewinnspiele","status":"publish","type":"page","link":"https:\/\/www.seasonax.com\/de\/teilnahmebedingungen-gewinnspiele\/","title":{"rendered":"Teilnahmebedingungen f\u00fcr Instagram-Gewinnspiele"},"content":{"rendered":"<style>#gspb_row-id-gsbp-1fe3018{justify-content:space-between;margin-top:0px;margin-bottom:0px;display:flex;flex-wrap:wrap;}#gspb_row-id-gsbp-1fe3018 > .gspb_row__content{display:flex;justify-content:space-between;margin:0 auto;width:100%;flex-wrap:wrap;}.gspb_row{position:relative;}div[id^=gspb_col-id]{box-sizing:border-box;position:relative;}div[id^=gspb_col-id]{padding:var(--gs-row-column-padding,15px min(3vw,20px));}#gspb_row-id-gsbp-1fe3018{min-height:100vh;}@media (max-width:999.98px){#gspb_row-id-gsbp-1fe3018{min-height:100vh;}}@media (max-width:689.98px){#gspb_row-id-gsbp-1fe3018{min-height:100;}}#gspb_row-id-gsbp-1fe3018 > .gspb_row__content{align-items:center;}body.gspb-bodyfront #gspb_row-id-gsbp-1fe3018 > .gspb_row__content{width:var(--theme-container-width,1200px);}body.gspb-bodyfront #gspb_row-id-gsbp-1fe3018 > .gspb_row__content{max-width:var(--theme-normal-container-max-width,1200px);}#gspb_row-id-gsbp-1fe3018{align-content:center;}#gspb_row-id-gsbp-1fe3018{background-size:cover;background-repeat:repeat;background-position:53% 100%;}#gspb_row-id-gsbp-1fe3018{background-image:url(https:\/\/www.seasonax.com\/wp-content\/uploads\/2023\/03\/seasonax-seasonality-bigdata-left.webp?ver=1681293479);}#gspb_row-id-gsbp-1fe3018:hover{background-size:cover;}#gspb_row-id-gsbp-1fe3018 > .gspb_backgroundOverlay{position:absolute;top:0;left:0;width:100%;height:100%;z-index:-1;}#gspb_row-id-gsbp-1fe3018 > .gspb_backgroundOverlay{background-image:linear-gradient(180deg,rgb(13,20,28) 0%,rgba(13,20,28,0.56) 20%,rgba(13,20,28,0.56) 80%,rgb(13,20,28) 100%);}#gspb_row-id-gsbp-1fe3018{isolation:isolate;}<\/style>\n<div class=\"wp-block-greenshift-blocks-row alignfull gspb_row gspb_row-id-gsbp-1fe3018\" id=\"gspb_row-id-gsbp-1fe3018\"><div class=\"gspb_backgroundOverlay\"><\/div><div class=\"gspb_row__content\"> \n<div class=\"wp-block-greenshift-blocks-row-column gspb_row__col--6 gspb_col-id-gsbp-44fdcc9\" id=\"gspb_col-id-gsbp-44fdcc9\">\n<div class=\"wp-block-greenshift-blocks-container gspb_container gspb_container-gsbp-c456730\" id=\"gspb_container-id-gsbp-c456730\">\n<h1 id=\"gspb_heading-id-gsbp-176d1d1\" class=\"gspb_heading gspb_heading-id-gsbp-176d1d1 \"><span style=\"color: #ffffff;\" class=\"stk-highlight\">Teilnahmebedingungen<\/span><\/h1>\n<\/div>\n<\/div>\n <\/div><\/div>\n\n\n\n<div class=\"wp-block-greenshift-blocks-row gspb_row gspb_row-id-gsbp-4131d18\" id=\"gspb_row-id-gsbp-4131d18\"><div class=\"gspb_row__content\"> \n<div class=\"wp-block-greenshift-blocks-row-column gspb_row__col--12 gspb_col-id-gsbp-ca7d85a\" id=\"gspb_col-id-gsbp-ca7d85a\">\n<div id=\"gspb_text-id-gsbp-993a6d3\" class=\"gspb_text gspb_text-id-gsbp-993a6d3 \"><strong>Teilnahmebedingungen f\u00fcr Instagram-Gewinnspiele (&#8220;Teilnahmebedingungen&#8221;)<\/strong><br><br><strong>1. Gegenstand der Teilnahmebedingungen und Veranstalter<\/strong><br>Diese Teilnahmebedingungen regeln die Bedingungen f\u00fcr die Teilnahme an Gewinnspielen, die auf der Instagram-Seite der seasonax GmbH (<a href=\"https:\/\/www.instagram.com\/seasonax.app\">@seasonax.app<\/a>) durchgef\u00fchrt werden. Die konkrete Beschreibung und der Ablauf des jeweiligen Gewinnspiels erfolgen im jeweiligen Instagram-Beitrag (Gewinnspiel-Post und\/oder Gewinnspiel-Story).<br><br>Veranstalter des Gewinnspiels ist die<br>seasonax GmbH<br>Lemb\u00f6ckgasse 47A\/B1<br>1230 Wien, \u00d6sterreich<br>(&#8220;<strong>Seasonax<\/strong>&#8220;)<br><br>Die Teilnahme am Gewinnspiel ist kostenlos und unabh\u00e4ngig vom Erwerb von Waren oder Dienstleistungen von Seasonax oder der Zahlung eines Entgelts.<br><br>Mit der Teilnahme am jeweiligen Gewinnspiel akzeptieren die Teilnehmer:innen diese Teilnahmebedingungen.<br><br>Das Gewinnspiel steht in keiner Verbindung zu Meta und\/oder Instagram und wird in keiner Weise von Meta und\/oder Instagram gesponsert, unterst\u00fctzt oder organisiert. Verantwortlich ist allein Seasonax. Die Teilnehmer:innen stellen Meta und Instagram von jeder Haftung im Zusammenhang mit diesem Gewinnspiel frei.<br><br><strong>2. Teilnahme<\/strong><br>Teilnahmeberechtigt sind nat\u00fcrliche Personen, die das 18. Lebensjahr vollendet und ihren Wohnsitz in einem EU-Mitgliedstaat oder der Schweiz haben.#<br><br>Von der Teilnahme ausgeschlossen sind Mitarbeiter:innen von Seasonax und den Partnerunternehmen sowie sonstige an der Konzeption und Umsetzung des Gewinnspiels beteiligte Personen.<br><br>Die Teilnahme mit gef\u00e4lschten Identit\u00e4ten oder unter Verwendung von Identit\u00e4ten Dritter ist nicht erlaubt. Gleiches gilt f\u00fcr die Teilnahme \u00fcber Gewinnspiel-Dienste, automatisierte Skripte, Bots oder vergleichbare Hilfsmittel.<br><br>Teilnahmeberechtigte k\u00f6nnen am Gewinnspiel teilnehmen, indem sie, wie im Gewinnspiel-Beitrag beschrieben:<br><br>&#8211; dem Instagram-Account (@seasonax.app) folgen,<br>&#8211; den Gewinnspiel-Beitrag mit \u201eGef\u00e4llt mir\u201c markieren und<br>&#8211; mindestens eine Person in einem Kommentar unter dem Gewinnspiel-Beitrag markieren.<br><br>Der konkrete Teilnahmeweg kann im jeweiligen Gewinnspiel-Beitrag abweichen oder erg\u00e4nzt werden (zB Beantwortung einer Quizfrage). Ma\u00dfgeblich sind die dortigen Angaben.<br><br><strong>3. Teilnahmefrist<\/strong><br>Die Teilnahmefrist (Beginn und Ende des Gewinnspiels) wird im jeweiligen Gewinnspiel-Beitrag angegeben.<br><br>F\u00fcr die Rechtzeitigkeit der Teilnahme ist der Zeitpunkt des Eingangs der Teilnahmehandlung (zB Kommentar, Like) auf Instagram ma\u00dfgeblich. Nach Ablauf der Teilnahmefrist abgegebene Beitr\u00e4ge werden nicht ber\u00fccksichtigt.<br><br><strong>4. Gewinne, Gewinnermittlung und Gewinnbenachrichtigung\u00a0<\/strong><br>Art und Umfang des jeweiligen Gewinns ergeben sich aus dem Gewinnspiel-Beitrag. Etwaige Zusatzkosten (zB Versandkosten) werden, sofern im Beitrag nicht ausdr\u00fccklich anders angegeben, von Seasonax \u00fcbernommen.<br><br>Die Gewinner:innen werden unter allen g\u00fcltigen Teilnahmen pro Gewinnspiel-Beitrag per Zufallsprinzip ermittelt. Die Auslosung erfolgt innerhalb weniger Tage nach Ablauf der jeweiligen Teilnahmefrist des Gewinnspiel-Beitrags.<br><br>Die Gewinne lassen sich in Sachpreise und Geldpreise unterteilen.\u00a0<br>Die Sachpreise werden von nachfolgenden Partnerunternehmen zur Verf\u00fcgung gestellt:<br><br>ASW Fintech GmbH<br>(&#8220;<strong>Partnerunternehmen<\/strong>&#8220;).<br><br>Allf\u00e4llige als Gewinn dargestellten Aktien werden nicht an eine:n Gewinner:in \u00fcbertragen, sondern ausschlie\u00dflich in Form eines Geldbetrags an eine:n Gewinner:in ausbezahlt. Ma\u00dfgeblich ist der ver\u00f6ffentlichte Schlusskurs der jeweiligen Aktie am Tag vor der Ver\u00f6ffentlichung des jeweiligen Gewinnspiel-Beitrags an der im Gewinnspiel-Beitrags angef\u00fchrten B\u00f6rse. Der\/Die Gewinner:in erh\u00e4lt einen Geldbetrag in EUR in H\u00f6he dieses ver\u00f6ffentlichten Schlusskurses pro ausgeloster Aktie, der aufgrund des von der Europ\u00e4ischen Zentralbank ver\u00f6ffentlichten Wechselkurses am Tag vor der Ver\u00f6ffentlichung des jeweiligen Gewinnspiel-Beitrags in EUR umgerechnet wird, auf das von ihm\/ihr bekannt gegebene Konto \u00fcberwiesen. Ein Anspruch der\/des Gewinners\/in auf \u00dcbertragung der Aktie selbst besteht nicht.<br><br>Die Gewinner:innen werden per Direktnachricht (Instagram Direct Message und\/oder per E-Mail) benachrichtigt.<br><br>Die Gewinner:innen sind verpflichtet, sich innerhalb von 4 Wochen nach Benachrichtigung bei Seasonax zu melden und die f\u00fcr die Gewinnabwicklung erforderlichen Daten (zB Name, Postanschrift, E-Mail-Adresse) korrekt anzugeben. Erfolgt innerhalb dieser Frist keine R\u00fcckmeldung, verf\u00e4llt der Gewinn ersatzlos und es kann ein:e Ersatzgewinner:in nach demselben Verfahren ermittelt werden. Gleiches gilt, wenn der Gewinn nicht an der angegeben Lieferadresse innerhalb von 4 Wochen nach Versand zugestellt werden kann.<br><br>Eine Barauszahlung der Sachgewinne und eine \u00dcbertragung oder ein Tausch s\u00e4mtlicher Gewinne ist ausgeschlossen.<br><br>Sollte ein Gewinn aus Gr\u00fcnden, die Seasonax nicht zu vertreten hat (zB Lieferprobleme von Partnerunternehmen), nicht verf\u00fcgbar sein, ist Seasonax berechtigt, einen angemessenen Ersatzgewinn gleicher oder h\u00f6herer Art und G\u00fcte zur Verf\u00fcgung zu stellen.<br><br><strong>5. Ausschluss von der Teilnahme<\/strong><br>Ein Versto\u00df gegen diese Teilnahmebedingungen berechtigt Seasonax, Teilnehmer:innen jederzeit von der Teilnahme auszuschlie\u00dfen. Dies gilt insbesondere bei<br>&#8211; falschen oder unvollst\u00e4ndigen Angaben,<br>&#8211; Manipulation oder dem Versuch der Manipulation eines Gewinnspiels,<br>&#8211; Verwendung unerlaubter Hilfsmittel (zB Bots),<br>&#8211; Beitr\u00e4gen (zB Kommentare, Bilder) oder Inhalten, die gegen geltendes Recht, Rechte Dritter, Meta-Richtlinien, Instagram-Richtlinien oder allgemein anerkannte Umgangsformen versto\u00dfen, insbesondere Inhalte, die <br>&#8211; beleidigend, diskriminierend, gewaltverherrlichend, pornografisch oder extremistisch sind, und\/oder<br>&#8211; die Rechte Dritter (zB Urheber-, Marken-, Pers\u00f6nlichkeitsrechte) verletzen.<br><br>Handelt es sich bei der ausgeschlossenen Person um eine:n bereits ausgeloste:n Gewinner:in, kann der Gewinn nachtr\u00e4glich aberkannt und ein:e Ersatzgewinner:in ermittelt werden.<br><br><strong>6. Vorzeitige Beendigung und \u00c4nderungen<\/strong><br>Seasonax beh\u00e4lt sich das Recht vor, das Gewinnspiel jederzeit, auch ohne Einhaltung von Fristen, ganz oder teilweise vorzeitig zu beenden, zu unterbrechen oder zu \u00e4ndern (f\u00fcr Teilnehmer:innen, die noch nicht am Gewinnspiel teilgenommen haben), wenn eine ordnungsgem\u00e4\u00dfe Durchf\u00fchrung des Gewinnspiels aus technischen (zB Viren, Manipulation, Fehler in Hard- oder Software) oder rechtlichen (zB Untersagung durch Meta\/Instagram oder Beh\u00f6rden) Gr\u00fcnden nicht gew\u00e4hrleistet werden kann.<br><br>Anspr\u00fcche der Teilnehmer:innen auf Durchf\u00fchrung des Gewinnspiels, auf eine bestimmte Ausgestaltung oder auf den Gewinn bestehen nicht.<br><br><strong>7. Gew\u00e4hrleistungsausschluss\/Haftung<\/strong><br>Seasonax leistet keine Gew\u00e4hr f\u00fcr die Mangelfreiheit der Gewinne und schlie\u00dft allf\u00e4llige Gew\u00e4hrleistungs- und Garantiezusagen aus.<br><br>Seasonax haftet nur, soweit ein Schaden durch Seasonax grob fahrl\u00e4ssig oder vors\u00e4tzlich verursacht wurde. Die Haftung von Seasonax f\u00fcr leichte Fahrl\u00e4ssigkeit wird ausgeschlossen, soweit der Schaden nicht auf der Verletzung einer vertraglichen Hauptpflicht beruht. Die Haftung f\u00fcr Personensch\u00e4den bleibt davon jedoch unber\u00fchrt.<br><br>F\u00fcr die Inhalte externer Links \u00fcbernimmt Seasonax keine Haftung. F\u00fcr den Inhalt der verlinkten Seiten sind ausschlie\u00dflich deren Betreiber verantwortlich.<br><br>Mit \u00dcbergabe des Gewinns endet die Leistungspflicht von Seasonax.<br><br><strong>8. Schlussbestimmungen<\/strong><br>Es gilt \u00f6sterreichisches Recht unter Ausschluss der Verweisungsnormen des internationalen Privatrechts. Zwingende Verbraucherschutzbestimmungen des Staates, in dem die Teilnehmer:innen ihren gew\u00f6hnlichen Aufenthalt haben, bleiben unber\u00fchrt.<br><br>Der Rechtsweg ist im Hinblick auf die Ziehung der Gewinner:innen und die diesbez\u00fcgliche Beurteilung der eingereichten Beitr\u00e4ge ausgeschlossen.\u00a0<\/div>\n<\/div>\n <\/div><\/div>\n","protected":false},"excerpt":{"rendered":"","protected":false},"author":81,"featured_media":0,"parent":0,"menu_order":0,"comment_status":"closed","ping_status":"closed","template":"","meta":{"_eb_attr":"","_gspb_post_css":"#gspb_col-id-gsbp-44fdcc9.gspb_row__col--6{width:50%}@media (max-width:575.98px){#gspb_col-id-gsbp-44fdcc9.gspb_row__col--6{width:100%}}@media (min-width:992px){body.gspb-bodyfront #gspb_col-id-gsbp-44fdcc9.gspb_row__col--6{width:calc(100% - 0px - 0px)}}@media (min-width:576px) and (max-width:991.98px){body.gspb-bodyfront #gspb_col-id-gsbp-44fdcc9.gspb_row__col--6{width:calc(100% - 0px - 0px)}}.gspb_container-id-gsbp-c456730{flex-direction:column;box-sizing:border-box}#gspb_container-id-gsbp-c456730.gspb_container>p:last-of-type{margin-bottom:0}#gspb_container-id-gsbp-c456730.gspb_container,div[id^=gspb_col-id]{position:relative;box-sizing:border-box}#gspb_heading-id-gsbp-176d1d1,#gspb_heading-id-gsbp-176d1d1 .gsap-g-line{text-align:center!important}#gspb_heading-id-gsbp-176d1d1{color:var(--wp--preset--color--palette-color-8, var(--theme-palette-color-8, #ffffff));margin-top:10px;margin-bottom:10px}#gspb_row-id-gsbp-4131d18{justify-content:space-between;margin-top:0;margin-bottom:0;display:flex;flex-wrap:wrap}#gspb_row-id-gsbp-4131d18>.gspb_row__content{display:flex;justify-content:space-between;margin:0 auto;width:100%;flex-wrap:wrap}.gspb_row{position:relative}div[id^=gspb_col-id]{padding:var(--gs-row-column-padding, 15px min(3vw, 20px))}body.gspb-bodyfront #gspb_row-id-gsbp-4131d18>.gspb_row__content{width:var(--theme-container-width, 1200px);max-width:var(--theme-normal-container-max-width, 1200px)}#gspb_col-id-gsbp-ca7d85a.gspb_row__col--12{width:100%}@media (max-width:575.98px){#gspb_col-id-gsbp-ca7d85a.gspb_row__col--12{width:100%}}","_uag_custom_page_level_css":"","footnotes":""},"folder":[],"class_list":["post-21280","page","type-page","status-publish","hentry"],"blocksy_meta":[],"yoast_head":"<!-- This site is optimized with the Yoast SEO Premium plugin v27.4 (Yoast SEO v27.4) - https:\/\/yoast.com\/product\/yoast-seo-premium-wordpress\/ -->\n<title>Teilnahmebedingungen f\u00fcr Instagram-Gewinnspiele<\/title>\n<meta name=\"description\" content=\"Teilnahmebedingungen f\u00fcr Instagram-Gewinnspiele der Seasonax GmbH\" \/>\n<meta name=\"robots\" content=\"index, follow, max-snippet:-1, max-image-preview:large, max-video-preview:-1\" \/>\n<link rel=\"canonical\" href=\"https:\/\/www.seasonax.com\/de\/teilnahmebedingungen-gewinnspiele\/\" \/>\n<meta property=\"og:locale\" content=\"de_DE\" \/>\n<meta property=\"og:type\" content=\"article\" \/>\n<meta property=\"og:title\" content=\"Teilnahmebedingungen f\u00fcr Instagram-Gewinnspiele\" \/>\n<meta property=\"og:description\" content=\"Teilnahmebedingungen f\u00fcr Instagram-Gewinnspiele der Seasonax GmbH\" \/>\n<meta property=\"og:url\" content=\"https:\/\/www.seasonax.com\/de\/teilnahmebedingungen-gewinnspiele\/\" \/>\n<meta property=\"og:site_name\" content=\"seasonax\" \/>\n<meta property=\"article:publisher\" content=\"https:\/\/www.facebook.com\/Seasonax\/\" \/>\n<meta property=\"article:modified_time\" content=\"2026-04-14T07:24:25+00:00\" \/>\n<meta property=\"og:image\" content=\"https:\/\/www.seasonax.com\/wp-content\/uploads\/2023\/04\/sx_keyvisual_featured_image.jpg\" \/>\n\t<meta property=\"og:image:width\" content=\"1920\" \/>\n\t<meta property=\"og:image:height\" content=\"1080\" \/>\n\t<meta property=\"og:image:type\" content=\"image\/jpeg\" \/>\n<meta name=\"twitter:card\" content=\"summary_large_image\" \/>\n<meta name=\"twitter:site\" content=\"@seasonaxapp\" \/>\n<meta name=\"twitter:label1\" content=\"Gesch\u00e4tzte Lesezeit\" \/>\n\t<meta name=\"twitter:data1\" content=\"5\u00a0Minuten\" \/>\n<script type=\"application\/ld+json\" class=\"yoast-schema-graph\">{\"@context\":\"https:\\\/\\\/schema.org\",\"@graph\":[{\"@type\":\"WebPage\",\"@id\":\"https:\\\/\\\/www.seasonax.com\\\/de\\\/teilnahmebedingungen-gewinnspiele\\\/\",\"url\":\"https:\\\/\\\/www.seasonax.com\\\/de\\\/teilnahmebedingungen-gewinnspiele\\\/\",\"name\":\"Teilnahmebedingungen f\u00fcr Instagram-Gewinnspiele\",\"isPartOf\":{\"@id\":\"https:\\\/\\\/www.seasonax.com\\\/#website\"},\"datePublished\":\"2025-12-05T09:19:27+00:00\",\"dateModified\":\"2026-04-14T07:24:25+00:00\",\"description\":\"Teilnahmebedingungen f\u00fcr Instagram-Gewinnspiele der Seasonax GmbH\",\"breadcrumb\":{\"@id\":\"https:\\\/\\\/www.seasonax.com\\\/de\\\/teilnahmebedingungen-gewinnspiele\\\/#breadcrumb\"},\"inLanguage\":\"de\",\"potentialAction\":[{\"@type\":\"ReadAction\",\"target\":[\"https:\\\/\\\/www.seasonax.com\\\/de\\\/teilnahmebedingungen-gewinnspiele\\\/\"]}]},{\"@type\":\"BreadcrumbList\",\"@id\":\"https:\\\/\\\/www.seasonax.com\\\/de\\\/teilnahmebedingungen-gewinnspiele\\\/#breadcrumb\",\"itemListElement\":[{\"@type\":\"ListItem\",\"position\":1,\"name\":\"Home\",\"item\":\"https:\\\/\\\/www.seasonax.com\\\/de\\\/\"},{\"@type\":\"ListItem\",\"position\":2,\"name\":\"Teilnahmebedingungen f\u00fcr Instagram-Gewinnspiele\"}]},{\"@type\":\"WebSite\",\"@id\":\"https:\\\/\\\/www.seasonax.com\\\/#website\",\"url\":\"https:\\\/\\\/www.seasonax.com\\\/\",\"name\":\"seasonax\",\"description\":\"Analyze.Time.Benefit.\",\"potentialAction\":[{\"@type\":\"SearchAction\",\"target\":{\"@type\":\"EntryPoint\",\"urlTemplate\":\"https:\\\/\\\/www.seasonax.com\\\/?s={search_term_string}\"},\"query-input\":{\"@type\":\"PropertyValueSpecification\",\"valueRequired\":true,\"valueName\":\"search_term_string\"}}],\"inLanguage\":\"de\"}]}<\/script>\n<!-- \/ Yoast SEO Premium plugin. -->","yoast_head_json":{"title":"Teilnahmebedingungen f\u00fcr Instagram-Gewinnspiele","description":"Teilnahmebedingungen f\u00fcr Instagram-Gewinnspiele der Seasonax GmbH","robots":{"index":"index","follow":"follow","max-snippet":"max-snippet:-1","max-image-preview":"max-image-preview:large","max-video-preview":"max-video-preview:-1"},"canonical":"https:\/\/www.seasonax.com\/de\/teilnahmebedingungen-gewinnspiele\/","og_locale":"de_DE","og_type":"article","og_title":"Teilnahmebedingungen f\u00fcr Instagram-Gewinnspiele","og_description":"Teilnahmebedingungen f\u00fcr Instagram-Gewinnspiele der Seasonax GmbH","og_url":"https:\/\/www.seasonax.com\/de\/teilnahmebedingungen-gewinnspiele\/","og_site_name":"seasonax","article_publisher":"https:\/\/www.facebook.com\/Seasonax\/","article_modified_time":"2026-04-14T07:24:25+00:00","og_image":[{"width":1920,"height":1080,"url":"https:\/\/www.seasonax.com\/wp-content\/uploads\/2023\/04\/sx_keyvisual_featured_image.jpg","type":"image\/jpeg"}],"twitter_card":"summary_large_image","twitter_site":"@seasonaxapp","twitter_misc":{"Gesch\u00e4tzte Lesezeit":"5\u00a0Minuten"},"schema":{"@context":"https:\/\/schema.org","@graph":[{"@type":"WebPage","@id":"https:\/\/www.seasonax.com\/de\/teilnahmebedingungen-gewinnspiele\/","url":"https:\/\/www.seasonax.com\/de\/teilnahmebedingungen-gewinnspiele\/","name":"Teilnahmebedingungen f\u00fcr Instagram-Gewinnspiele","isPartOf":{"@id":"https:\/\/www.seasonax.com\/#website"},"datePublished":"2025-12-05T09:19:27+00:00","dateModified":"2026-04-14T07:24:25+00:00","description":"Teilnahmebedingungen f\u00fcr Instagram-Gewinnspiele der Seasonax GmbH","breadcrumb":{"@id":"https:\/\/www.seasonax.com\/de\/teilnahmebedingungen-gewinnspiele\/#breadcrumb"},"inLanguage":"de","potentialAction":[{"@type":"ReadAction","target":["https:\/\/www.seasonax.com\/de\/teilnahmebedingungen-gewinnspiele\/"]}]},{"@type":"BreadcrumbList","@id":"https:\/\/www.seasonax.com\/de\/teilnahmebedingungen-gewinnspiele\/#breadcrumb","itemListElement":[{"@type":"ListItem","position":1,"name":"Home","item":"https:\/\/www.seasonax.com\/de\/"},{"@type":"ListItem","position":2,"name":"Teilnahmebedingungen f\u00fcr Instagram-Gewinnspiele"}]},{"@type":"WebSite","@id":"https:\/\/www.seasonax.com\/#website","url":"https:\/\/www.seasonax.com\/","name":"seasonax","description":"Analyze.Time.Benefit.","potentialAction":[{"@type":"SearchAction","target":{"@type":"EntryPoint","urlTemplate":"https:\/\/www.seasonax.com\/?s={search_term_string}"},"query-input":{"@type":"PropertyValueSpecification","valueRequired":true,"valueName":"search_term_string"}}],"inLanguage":"de"}]}},"uagb_featured_image_src":{"full":false,"thumbnail":false,"medium":false,"medium_large":false,"large":false,"1536x1536":false,"2048x2048":false},"uagb_author_info":{"display_name":"Lukas Kroisenbrunner","author_link":"https:\/\/www.seasonax.com\/de\/author\/lukas\/"},"uagb_comment_info":0,"uagb_excerpt":null,"_links":{"self":[{"href":"https:\/\/www.seasonax.com\/de\/wp-json\/wp\/v2\/pages\/21280","targetHints":{"allow":["GET"]}}],"collection":[{"href":"https:\/\/www.seasonax.com\/de\/wp-json\/wp\/v2\/pages"}],"about":[{"href":"https:\/\/www.seasonax.com\/de\/wp-json\/wp\/v2\/types\/page"}],"author":[{"embeddable":true,"href":"https:\/\/www.seasonax.com\/de\/wp-json\/wp\/v2\/users\/81"}],"replies":[{"embeddable":true,"href":"https:\/\/www.seasonax.com\/de\/wp-json\/wp\/v2\/comments?post=21280"}],"version-history":[{"count":5,"href":"https:\/\/www.seasonax.com\/de\/wp-json\/wp\/v2\/pages\/21280\/revisions"}],"predecessor-version":[{"id":22348,"href":"https:\/\/www.seasonax.com\/de\/wp-json\/wp\/v2\/pages\/21280\/revisions\/22348"}],"wp:attachment":[{"href":"https:\/\/www.seasonax.com\/de\/wp-json\/wp\/v2\/media?parent=21280"}],"wp:term":[{"taxonomy":"folder","embeddable":true,"href":"https:\/\/www.seasonax.com\/de\/wp-json\/wp\/v2\/folder?post=21280"}],"curies":[{"name":"wp","href":"https:\/\/api.w.org\/{rel}","templated":true}]}}